{"id":4,"date":"2011-04-09T07:04:26","date_gmt":"2011-04-09T07:04:26","guid":{"rendered":"http:\/\/tarmo.koppel.ee\/?page_id=4"},"modified":"2020-10-02T11:09:58","modified_gmt":"2020-10-02T09:09:58","slug":"mina","status":"publish","type":"page","link":"https:\/\/tarmo.koppel.ee\/?page_id=4","title":{"rendered":"Minu teadustegevus"},"content":{"rendered":"<p>Kui soovid kaasa l\u00fc\u00fca minu uurimustes v\u00f5i pakkuda koost\u00f6\u00f6d, v\u00f5ta julgelt \u00fchendust.<\/p>\n<p><strong>Olen avatud teadusalasele koost\u00f6\u00f6le<\/strong><br \/>\nOlen huvitatud koost\u00f6\u00f6st k\u00f5ikide teadusalade esindajatega, kellega meil on kattuvus. V\u00f5imaliku koost\u00f6\u00f6 v\u00e4ljunditeks v\u00f5ivad olla multidistsiplinaarsed uuringud, \u00fchised artiklid v\u00f5i lihtsalt teadmistevahetus.<\/p>\n<p><strong>Osale vabatahtlikuna<\/strong><br \/>\nV\u00f5ta ka \u00fchendust, kui soovid kaasa l\u00fc\u00fca minu uurimist\u00f6\u00f6s muul moel, n\u00e4iteks tulla vabatahtlikuna v\u00e4lim\u00f5\u00f5tmisi ja katseid l\u00e4bi viima.<\/p>\n","protected":false},"excerpt":{"rendered":"<p>Kui soovid kaasa l\u00fc\u00fca minu uurimustes v\u00f5i pakkuda koost\u00f6\u00f6d, v\u00f5ta julgelt \u00fchendust. Olen avatud teadusalasele koost\u00f6\u00f6le Olen huvitatud koost\u00f6\u00f6st k\u00f5ikide teadusalade esindajatega, kellega meil on kattuvus. V\u00f5imaliku koost\u00f6\u00f6 v\u00e4ljunditeks v\u00f5ivad olla multidistsiplinaarsed uuringud, \u00fchised artiklid v\u00f5i lihtsalt teadmistevahetus. Osale vabatahtlikuna &hellip; <a href=\"https:\/\/tarmo.koppel.ee\/?page_id=4\">J\u00e4tka lugemist <span class=\"meta-nav\">&rarr;<\/span><\/a><\/p>\n","protected":false},"author":1,"featured_media":0,"parent":0,"menu_order":1,"comment_status":"closed","ping_status":"closed","template":"","meta":{"footnotes":""},"_links":{"self":[{"href":"https:\/\/tarmo.koppel.ee\/index.php?rest_route=\/wp\/v2\/pages\/4"}],"collection":[{"href":"https:\/\/tarmo.koppel.ee\/index.php?rest_route=\/wp\/v2\/pages"}],"about":[{"href":"https:\/\/tarmo.koppel.ee\/index.php?rest_route=\/wp\/v2\/types\/page"}],"author":[{"embeddable":true,"href":"https:\/\/tarmo.koppel.ee\/index.php?rest_route=\/wp\/v2\/users\/1"}],"replies":[{"embeddable":true,"href":"https:\/\/tarmo.koppel.ee\/index.php?rest_route=%2Fwp%2Fv2%2Fcomments&post=4"}],"version-history":[{"count":41,"href":"https:\/\/tarmo.koppel.ee\/index.php?rest_route=\/wp\/v2\/pages\/4\/revisions"}],"predecessor-version":[{"id":1114,"href":"https:\/\/tarmo.koppel.ee\/index.php?rest_route=\/wp\/v2\/pages\/4\/revisions\/1114"}],"wp:attachment":[{"href":"https:\/\/tarmo.koppel.ee\/index.php?rest_route=%2Fwp%2Fv2%2Fmedia&parent=4"}],"curies":[{"name":"wp","href":"https:\/\/api.w.org\/{rel}","templated":true}]}}